{"id":309,"date":"2025-03-11T22:18:13","date_gmt":"2025-03-11T22:18:13","guid":{"rendered":"https:\/\/lefromageapaillettes.com\/?post_type=product&#038;p=309"},"modified":"2025-05-06T14:22:08","modified_gmt":"2025-05-06T14:22:08","slug":"7-lingettes","status":"publish","type":"product","link":"https:\/\/lefromageapaillettes.com\/index.php\/product\/7-lingettes\/","title":{"rendered":"Semainier de 7 lingettes"},"content":{"rendered":"<p>Une lingette pour chaque jour de la semaine, voil\u00e0 le semainier!<\/p>\n<p>7 lingettes lavables de (+\/-) 9 x 9 cm, avec un c\u00f4t\u00e9 en tissu et un cot\u00e9 en \u00e9ponge bambou.<\/p>\n<p>Pani\u00e8re assortie, exterieur en jean recycl\u00e9.<\/p>\n<p>Le semainier: 10 euros<\/p>\n<p>Le semainier + sa pani\u00e8re: 13 euros<\/p>\n<p>Les lots de 3 lingettes sont par ici: <a href=\"https:\/\/lefromageapaillettes.com\/index.php\/product\/3-lingettes\/\">Les 3 lingettes<\/a><\/p>\n","protected":false},"excerpt":{"rendered":"<p>Lingettes nettoyantes ou d\u00e9maquillantes lavables<\/p>\n","protected":false},"featured_media":247,"comment_status":"closed","ping_status":"closed","template":"","meta":[],"product_brand":[],"product_cat":[20,24],"product_tag":[],"class_list":{"0":"post-309","1":"product","2":"type-product","3":"status-publish","4":"has-post-thumbnail","6":"product_cat-lingettes","7":"product_cat-kit","9":"first","10":"instock","11":"taxable","12":"shipping-taxable","13":"purchasable","14":"product-type-variable","15":"has-default-attributes"},"aioseo_notices":[],"jetpack-related-posts":[],"jetpack_sharing_enabled":true,"_links":{"self":[{"href":"https:\/\/lefromageapaillettes.com\/index.php\/wp-json\/wp\/v2\/product\/309","targetHints":{"allow":["GET"]}}],"collection":[{"href":"https:\/\/lefromageapaillettes.com\/index.php\/wp-json\/wp\/v2\/product"}],"about":[{"href":"https:\/\/lefromageapaillettes.com\/index.php\/wp-json\/wp\/v2\/types\/product"}],"replies":[{"embeddable":true,"href":"https:\/\/lefromageapaillettes.com\/index.php\/wp-json\/wp\/v2\/comments?post=309"}],"wp:featuredmedia":[{"embeddable":true,"href":"https:\/\/lefromageapaillettes.com\/index.php\/wp-json\/wp\/v2\/media\/247"}],"wp:attachment":[{"href":"https:\/\/lefromageapaillettes.com\/index.php\/wp-json\/wp\/v2\/media?parent=309"}],"wp:term":[{"taxonomy":"product_brand","embeddable":true,"href":"https:\/\/lefromageapaillettes.com\/index.php\/wp-json\/wp\/v2\/product_brand?post=309"},{"taxonomy":"product_cat","embeddable":true,"href":"https:\/\/lefromageapaillettes.com\/index.php\/wp-json\/wp\/v2\/product_cat?post=309"},{"taxonomy":"product_tag","embeddable":true,"href":"https:\/\/lefromageapaillettes.com\/index.php\/wp-json\/wp\/v2\/product_tag?post=309"}],"curies":[{"name":"wp","href":"https:\/\/api.w.org\/{rel}","templated":true}]}}