{"id":172,"date":"2022-10-21T22:08:54","date_gmt":"2022-10-21T22:08:54","guid":{"rendered":"https:\/\/lefromageapaillettes.com\/?post_type=product&#038;p=172"},"modified":"2025-05-03T12:31:30","modified_gmt":"2025-05-03T12:31:30","slug":"chouchou-chichi","status":"publish","type":"product","link":"https:\/\/lefromageapaillettes.com\/index.php\/product\/chouchou-chichi\/","title":{"rendered":"Chouchou Bi-go\u00fbt"},"content":{"rendered":"<p>Le chouchou Bi-go\u00fbt,<\/p>\n<p>Plusieurs coloris disponibles, n&rsquo;h\u00e9sitez pas \u00e0 m&rsquo;\u00e9crire pour une commande personnalis\u00e9e&#8230;<\/p>\n<p>&nbsp;<\/p>\n<p>Les chouchoux unis sont par ici:\u00a0<a href=\"https:\/\/lefromageapaillettes.com\/index.php\/product\/chouchou\/\">https:\/\/lefromageapaillettes.com\/index.php\/product\/chouchou\/<\/a><\/p>\n<p>&nbsp;<\/p>\n","protected":false},"excerpt":{"rendered":"<p>Le chouchou Bi-go\u00fbt, Plusieurs coloris disponibles, n&rsquo;h\u00e9sitez pas \u00e0 m&rsquo;\u00e9crire pour une commande personnalis\u00e9e&#8230; &nbsp; Les chouchoux unis sont par ici:\u00a0https:\/\/lefromageapaillettes.com\/index.php\/product\/chouchou\/ &nbsp;<\/p>\n","protected":false},"featured_media":385,"comment_status":"closed","ping_status":"closed","template":"","meta":[],"product_brand":[],"product_cat":[23],"product_tag":[],"class_list":{"0":"post-172","1":"product","2":"type-product","3":"status-publish","4":"has-post-thumbnail","6":"product_cat-chouchi","8":"first","9":"instock","10":"taxable","11":"shipping-taxable","12":"purchasable","13":"product-type-variable"},"aioseo_notices":[],"jetpack-related-posts":[],"jetpack_sharing_enabled":true,"_links":{"self":[{"href":"https:\/\/lefromageapaillettes.com\/index.php\/wp-json\/wp\/v2\/product\/172","targetHints":{"allow":["GET"]}}],"collection":[{"href":"https:\/\/lefromageapaillettes.com\/index.php\/wp-json\/wp\/v2\/product"}],"about":[{"href":"https:\/\/lefromageapaillettes.com\/index.php\/wp-json\/wp\/v2\/types\/product"}],"replies":[{"embeddable":true,"href":"https:\/\/lefromageapaillettes.com\/index.php\/wp-json\/wp\/v2\/comments?post=172"}],"wp:featuredmedia":[{"embeddable":true,"href":"https:\/\/lefromageapaillettes.com\/index.php\/wp-json\/wp\/v2\/media\/385"}],"wp:attachment":[{"href":"https:\/\/lefromageapaillettes.com\/index.php\/wp-json\/wp\/v2\/media?parent=172"}],"wp:term":[{"taxonomy":"product_brand","embeddable":true,"href":"https:\/\/lefromageapaillettes.com\/index.php\/wp-json\/wp\/v2\/product_brand?post=172"},{"taxonomy":"product_cat","embeddable":true,"href":"https:\/\/lefromageapaillettes.com\/index.php\/wp-json\/wp\/v2\/product_cat?post=172"},{"taxonomy":"product_tag","embeddable":true,"href":"https:\/\/lefromageapaillettes.com\/index.php\/wp-json\/wp\/v2\/product_tag?post=172"}],"curies":[{"name":"wp","href":"https:\/\/api.w.org\/{rel}","templated":true}]}}